{"id":704,"date":"2019-05-01T17:19:34","date_gmt":"2019-05-01T15:19:34","guid":{"rendered":"https:\/\/pastoralraum-surbtal-wuerenlingen.ch\/lengnau\/kontakt-copy\/"},"modified":"2023-11-24T07:55:35","modified_gmt":"2023-11-24T06:55:35","slug":"soziales-engagement","status":"publish","type":"page","link":"https:\/\/pastoralraum-surbtal-wuerenlingen.ch\/lengnau\/soziales-engagement\/","title":{"rendered":"Soziales Engagement"},"content":{"rendered":"<p>[et_pb_section fb_built=&#8220;1&#8243; fullwidth=&#8220;on&#8220; module_id=&#8220;sakramente&#8220; _builder_version=&#8220;4.16&#8243; custom_padding=&#8220;0px|0px|0|0px|false|false&#8220; animation_style=&#8220;slide&#8220; animation_direction=&#8220;top&#8220; animation_intensity_slide=&#8220;2%&#8220; animation_starting_opacity=&#8220;100%&#8220; global_colors_info=&#8220;{}&#8220;][et_pb_fullwidth_header title=&#8220;Soziales Engagement&#8220; content_max_width_last_edited=&#8220;off|desktop&#8220; _builder_version=&#8220;4.16&#8243; title_font=&#8220;Montserrat|700|||||||&#8220; title_font_size=&#8220;50px&#8220; title_line_height=&#8220;1.2em&#8220; content_font_size=&#8220;20px&#8220; content_line_height=&#8220;1.8em&#8220; background_color=&#8220;rgba(231,90,106,0)&#8220; use_background_color_gradient=&#8220;on&#8220; background_color_gradient_direction=&#8220;90deg&#8220; background_color_gradient_stops=&#8220;#4395d1 19%|rgba(231,90,106,0) 76%&#8220; background_color_gradient_overlays_image=&#8220;on&#8220; background_color_gradient_start=&#8220;#4395d1&#8243; background_color_gradient_start_position=&#8220;19%&#8220; background_color_gradient_end=&#8220;rgba(231,90,106,0)&#8220; background_color_gradient_end_position=&#8220;76%&#8220; background_image=&#8220;https:\/\/pastoralraum-surbtal-wuerenlingen.ch\/lengnau\/wp-content\/uploads\/sites\/3\/2018\/09\/Pastoral-Bild-14.jpg&#8220; custom_margin=&#8220;|||&#8220; custom_padding=&#8220;10%||10%|&#8220; child_filter_brightness=&#8220;125%&#8220; title_font_size_tablet=&#8220;40px&#8220; title_font_size_phone=&#8220;30px&#8220; title_font_size_last_edited=&#8220;on|phone&#8220; global_colors_info=&#8220;{}&#8220; button_one_text_size__hover_enabled=&#8220;off&#8220; button_two_text_size__hover_enabled=&#8220;off&#8220; button_one_text_color__hover_enabled=&#8220;off&#8220; button_two_text_color__hover_enabled=&#8220;off&#8220; button_one_border_width__hover_enabled=&#8220;off&#8220; button_two_border_width__hover_enabled=&#8220;off&#8220; button_one_border_color__hover_enabled=&#8220;off&#8220; button_two_border_color__hover_enabled=&#8220;off&#8220; button_one_border_radius__hover_enabled=&#8220;off&#8220; button_two_border_radius__hover_enabled=&#8220;off&#8220; button_one_letter_spacing__hover_enabled=&#8220;off&#8220; button_two_letter_spacing__hover_enabled=&#8220;off&#8220; button_one_bg_color__hover_enabled=&#8220;off&#8220; button_two_bg_color__hover_enabled=&#8220;off&#8220;][\/et_pb_fullwidth_header][\/et_pb_section][et_pb_section fb_built=&#8220;1&#8243; _builder_version=&#8220;4.16&#8243; background_color_gradient_direction=&#8220;135deg&#8220; custom_padding=&#8220;75px|0px|75px|0px|false|false&#8220; global_colors_info=&#8220;{}&#8220;][et_pb_row _builder_version=&#8220;4.16&#8243; background_size=&#8220;initial&#8220; background_position=&#8220;top_left&#8220; background_repeat=&#8220;repeat&#8220; custom_padding=&#8220;0|0px|0|0px|false|false&#8220; global_colors_info=&#8220;{}&#8220;][et_pb_column type=&#8220;4_4&#8243; _builder_version=&#8220;4.16&#8243; custom_padding=&#8220;|||&#8220; global_colors_info=&#8220;{}&#8220; custom_padding__hover=&#8220;|||&#8220;][et_pb_text admin_label=&#8220;Title&#8220; module_id=&#8220;sekretariat&#8220; _builder_version=&#8220;4.16&#8243; text_font=&#8220;|600|||||||&#8220; header_font=&#8220;||||||||&#8220; header_text_color=&#8220;#e75a6a&#8220; header_2_font=&#8220;Montserrat|600|||||||&#8220; header_2_text_color=&#8220;#4395d1&#8243; header_2_font_size=&#8220;30px&#8220; header_2_line_height=&#8220;1.5em&#8220; module_alignment=&#8220;center&#8220; custom_margin=&#8220;||35px|||&#8220; custom_padding=&#8220;|||&#8220; animation_direction=&#8220;left&#8220; saved_tabs=&#8220;all&#8220; global_colors_info=&#8220;{}&#8220;]<\/p>\n<p lang=\"en-GB\" class=\"western\"><span lang=\"de-DE\">Das soziale Engagement ist ein wichtiger Eckpfeiler der katholischen Kirche in Lengnau und Freienwil. Wir sind alle nicht gefeit vor schweren Schicksalsschl\u00e4gen oder pers\u00f6nlichen Krisen. Hier finden Sie verschiedene Adressen zu Webseiten, welche Sie in schwierigen Situationen gerne unterst\u00fctzen.<\/span><\/p>\n<p>[\/et_pb_text][\/et_pb_column][\/et_pb_row][et_pb_row column_structure=&#8220;1_3,1_3,1_3&#8243; _builder_version=&#8220;4.16&#8243; background_size=&#8220;initial&#8220; background_position=&#8220;top_left&#8220; background_repeat=&#8220;repeat&#8220; custom_margin=&#8220;4px|auto|44px|auto||&#8220; custom_padding=&#8220;0|0px|0|0px|false|false&#8220; global_colors_info=&#8220;{}&#8220;][et_pb_column type=&#8220;1_3&#8243; _builder_version=&#8220;4.16&#8243; custom_padding=&#8220;|||&#8220; global_colors_info=&#8220;{}&#8220; custom_padding__hover=&#8220;|||&#8220;][et_pb_text _builder_version=&#8220;4.16&#8243; text_font=&#8220;|600|||||||&#8220; global_colors_info=&#8220;{}&#8220;]<\/p>\n<p>Kostenlose Sozialberatung f\u00fcr Menschen in Notlage<br \/><a href=\"https:\/\/pastoralraum-surbtal-wuerenlingen.ch\/lengnau\/wp-content\/uploads\/sites\/3\/2020\/05\/Kirchlich-Regionaler-Sozialdienst-Zurzibiet.pdf\" rel=\"attachment wp-att-1521\">Kirchlich Regionaler Sozialdienst Zurzibiet<\/a><br \/> <span><\/span><a href=\"http:\/\/www.caritas-aargau.ch\" target=\"_blank\" rel=\"noopener noreferrer\">www.caritas-aargau.ch<\/a><\/p>\n<p>[\/et_pb_text][\/et_pb_column][et_pb_column type=&#8220;1_3&#8243; _builder_version=&#8220;4.16&#8243; custom_padding=&#8220;|||&#8220; global_colors_info=&#8220;{}&#8220; custom_padding__hover=&#8220;|||&#8220;][et_pb_text _builder_version=&#8220;4.16&#8243; text_font=&#8220;|600|||||||&#8220; global_colors_info=&#8220;{}&#8220;]<\/p>\n<p>Anlaufstelle f\u00fcr Probleme jeglicher Art<br \/> <a href=\"http:\/\/www.bzbplus.ch\" target=\"_blank\" rel=\"noopener noreferrer\">www.bzbplus.ch<\/a><\/p>\n<p>[\/et_pb_text][\/et_pb_column][et_pb_column type=&#8220;1_3&#8243; _builder_version=&#8220;4.16&#8243; custom_padding=&#8220;|||&#8220; global_colors_info=&#8220;{}&#8220; custom_padding__hover=&#8220;|||&#8220;][et_pb_text _builder_version=&#8220;4.16&#8243; text_font=&#8220;|600|||||||&#8220; global_colors_info=&#8220;{}&#8220;]<\/p>\n<p lang=\"en-GB\" class=\"western\">Anlaufstelle der Caritas Schweiz bei Schuldenfragen<br \/> <span color=\"#0000ff\"><a href=\"http:\/\/www.caritas-schuldenberatung.ch\/\" target=\"_blank\" rel=\"noopener noreferrer\">www.caritas-schuldenberatung.ch<\/a><\/span><\/p>\n<p>[\/et_pb_text][\/et_pb_column][\/et_pb_row][et_pb_row column_structure=&#8220;1_3,1_3,1_3&#8243; _builder_version=&#8220;4.16&#8243; background_size=&#8220;initial&#8220; background_position=&#8220;top_left&#8220; background_repeat=&#8220;repeat&#8220; custom_margin=&#8220;4px|auto|40px|auto||&#8220; custom_padding=&#8220;0|0px|0|0px|false|false&#8220; global_colors_info=&#8220;{}&#8220;][et_pb_column type=&#8220;1_3&#8243; _builder_version=&#8220;4.16&#8243; custom_padding=&#8220;|||&#8220; global_colors_info=&#8220;{}&#8220; custom_padding__hover=&#8220;|||&#8220;][et_pb_text _builder_version=&#8220;4.16&#8243; text_font=&#8220;|600|||||||&#8220; global_colors_info=&#8220;{}&#8220;]<\/p>\n<p lang=\"en-GB\" class=\"western\"><span color=\"#0000ff\" style=\"color: #0000ff;\"><u><a href=\"http:\/\/www.tischlein.ch\/\"><\/a><\/u><\/span>Lebensmittelabgabe an Menschen in finanziell prek\u00e4rer Lage<br \/> <span color=\"#0000ff\"><a href=\"http:\/\/www.tischlein.ch\/\" target=\"_blank\" rel=\"noopener noreferrer\">www.tischlein.ch<\/a><\/span><\/p>\n<p><a href=\"http:\/\/www.caritas-aargau.ch\" target=\"_blank\" rel=\"noopener noreferrer\"><\/a><\/p>\n<p>[\/et_pb_text][\/et_pb_column][et_pb_column type=&#8220;1_3&#8243; _builder_version=&#8220;4.16&#8243; custom_padding=&#8220;|||&#8220; global_colors_info=&#8220;{}&#8220; custom_padding__hover=&#8220;|||&#8220;][et_pb_text _builder_version=&#8220;4.16&#8243; text_font=&#8220;|600|||||||&#8220; global_colors_info=&#8220;{}&#8220;]<\/p>\n<p lang=\"en-GB\" class=\"western\">Anlaufstelle f\u00fcr Jugendliche bei Problemen jeglicher Art<br \/> <span color=\"#0000ff\"><a href=\"http:\/\/www.jast.li\/\" target=\"_blank\" rel=\"noopener noreferrer\">www.jast.li<\/a><\/span><\/p>\n<p><a href=\"http:\/\/www.bzbplus.ch%20\" target=\"_blank\" rel=\"noopener noreferrer\"><\/a><\/p>\n<p>[\/et_pb_text][\/et_pb_column][et_pb_column type=&#8220;1_3&#8243; _builder_version=&#8220;4.16&#8243; custom_padding=&#8220;|||&#8220; global_colors_info=&#8220;{}&#8220; custom_padding__hover=&#8220;|||&#8220;][et_pb_text _builder_version=&#8220;4.16&#8243; text_font=&#8220;|600|||||||&#8220; global_colors_info=&#8220;{}&#8220;]<\/p>\n<p lang=\"en-GB\" class=\"western\">Finanzielle Hilfe in der Ausbildung<br \/> Pfarrer Treyer&#8217;sche Stiftung<\/p>\n<p lang=\"en-GB\" class=\"western\"><span color=\"#0000ff\"><\/span><\/p>\n<p>[\/et_pb_text][\/et_pb_column][\/et_pb_row][\/et_pb_section]<\/p>\n","protected":false},"excerpt":{"rendered":"<p>Das soziale Engagement ist ein wichtiger Eckpfeiler der katholischen Kirche in Lengnau und Freienwil. Wir sind alle nicht gefeit vor schweren Schicksalsschl\u00e4gen oder pers\u00f6nlichen Krisen. Hier finden Sie verschiedene Adressen zu Webseiten, welche Sie in schwierigen Situationen gerne unterst\u00fctzen.Kostenlose Sozialberatung f\u00fcr Menschen in NotlageKirchlich Regionaler Sozialdienst Zurzibiet www.caritas-aargau.chAnlaufstelle f\u00fcr Probleme jeglicher Art www.bzbplus.chAnlaufstelle der Caritas [&hellip;]<\/p>\n","protected":false},"author":1,"featured_media":0,"parent":0,"menu_order":0,"comment_status":"closed","ping_status":"closed","template":"","meta":{"_et_pb_use_builder":"on","_et_pb_old_content":"","_et_gb_content_width":"","footnotes":""},"class_list":["post-704","page","type-page","status-publish","hentry"],"_links":{"self":[{"href":"https:\/\/pastoralraum-surbtal-wuerenlingen.ch\/lengnau\/wp-json\/wp\/v2\/pages\/704","targetHints":{"allow":["GET"]}}],"collection":[{"href":"https:\/\/pastoralraum-surbtal-wuerenlingen.ch\/lengnau\/wp-json\/wp\/v2\/pages"}],"about":[{"href":"https:\/\/pastoralraum-surbtal-wuerenlingen.ch\/lengnau\/wp-json\/wp\/v2\/types\/page"}],"author":[{"embeddable":true,"href":"https:\/\/pastoralraum-surbtal-wuerenlingen.ch\/lengnau\/wp-json\/wp\/v2\/users\/1"}],"replies":[{"embeddable":true,"href":"https:\/\/pastoralraum-surbtal-wuerenlingen.ch\/lengnau\/wp-json\/wp\/v2\/comments?post=704"}],"version-history":[{"count":13,"href":"https:\/\/pastoralraum-surbtal-wuerenlingen.ch\/lengnau\/wp-json\/wp\/v2\/pages\/704\/revisions"}],"predecessor-version":[{"id":4188,"href":"https:\/\/pastoralraum-surbtal-wuerenlingen.ch\/lengnau\/wp-json\/wp\/v2\/pages\/704\/revisions\/4188"}],"wp:attachment":[{"href":"https:\/\/pastoralraum-surbtal-wuerenlingen.ch\/lengnau\/wp-json\/wp\/v2\/media?parent=704"}],"curies":[{"name":"wp","href":"https:\/\/api.w.org\/{rel}","templated":true}]}}