{"id":35,"date":"2018-09-11T16:02:31","date_gmt":"2018-09-11T14:02:31","guid":{"rendered":"https:\/\/pastoralraum-surbtal-wuerenlingen.ch\/lengnau\/?page_id=35"},"modified":"2025-11-07T11:35:05","modified_gmt":"2025-11-07T10:35:05","slug":"kontakt","status":"publish","type":"page","link":"https:\/\/pastoralraum-surbtal-wuerenlingen.ch\/lengnau\/kontakt\/","title":{"rendered":"Kontakt"},"content":{"rendered":"<p>[et_pb_section fb_built=&#8220;1&#8243; fullwidth=&#8220;on&#8220; module_id=&#8220;sakramente&#8220; _builder_version=&#8220;4.16&#8243; custom_padding=&#8220;0px|0px|0|0px|false|false&#8220; animation_style=&#8220;slide&#8220; animation_direction=&#8220;top&#8220; animation_intensity_slide=&#8220;2%&#8220; animation_starting_opacity=&#8220;100%&#8220; global_colors_info=&#8220;{}&#8220;][et_pb_fullwidth_header title=&#8220;KONTAKT&#8220; content_max_width_last_edited=&#8220;off|desktop&#8220; _builder_version=&#8220;4.16&#8243; title_font=&#8220;Montserrat|700|||||||&#8220; title_font_size=&#8220;50px&#8220; title_line_height=&#8220;1.2em&#8220; content_font_size=&#8220;20px&#8220; content_line_height=&#8220;1.8em&#8220; background_color=&#8220;rgba(231,90,106,0)&#8220; use_background_color_gradient=&#8220;on&#8220; background_color_gradient_direction=&#8220;90deg&#8220; background_color_gradient_stops=&#8220;#4395d1 19%|rgba(231,90,106,0) 76%&#8220; background_color_gradient_overlays_image=&#8220;on&#8220; background_color_gradient_start=&#8220;#4395d1&#8243; background_color_gradient_start_position=&#8220;19%&#8220; background_color_gradient_end=&#8220;rgba(231,90,106,0)&#8220; background_color_gradient_end_position=&#8220;76%&#8220; background_image=&#8220;https:\/\/pastoralraum-surbtal-wuerenlingen.ch\/lengnau\/wp-content\/uploads\/sites\/3\/2018\/09\/Pastoral-Bild-18.jpg&#8220; custom_margin=&#8220;|||&#8220; custom_padding=&#8220;10%||10%|&#8220; child_filter_brightness=&#8220;125%&#8220; title_font_size_tablet=&#8220;40px&#8220; title_font_size_phone=&#8220;30px&#8220; title_font_size_last_edited=&#8220;on|phone&#8220; global_colors_info=&#8220;{}&#8220; button_one_text_size__hover_enabled=&#8220;off&#8220; button_two_text_size__hover_enabled=&#8220;off&#8220; button_one_text_color__hover_enabled=&#8220;off&#8220; button_two_text_color__hover_enabled=&#8220;off&#8220; button_one_border_width__hover_enabled=&#8220;off&#8220; button_two_border_width__hover_enabled=&#8220;off&#8220; button_one_border_color__hover_enabled=&#8220;off&#8220; button_two_border_color__hover_enabled=&#8220;off&#8220; button_one_border_radius__hover_enabled=&#8220;off&#8220; button_two_border_radius__hover_enabled=&#8220;off&#8220; button_one_letter_spacing__hover_enabled=&#8220;off&#8220; button_two_letter_spacing__hover_enabled=&#8220;off&#8220; button_one_bg_color__hover_enabled=&#8220;off&#8220; button_two_bg_color__hover_enabled=&#8220;off&#8220;][\/et_pb_fullwidth_header][\/et_pb_section][et_pb_section fb_built=&#8220;1&#8243; _builder_version=&#8220;4.16&#8243; background_color_gradient_direction=&#8220;135deg&#8220; custom_padding=&#8220;75px|0px|75px|0px|false|false&#8220; global_colors_info=&#8220;{}&#8220;][et_pb_row _builder_version=&#8220;4.16&#8243; background_size=&#8220;initial&#8220; background_position=&#8220;top_left&#8220; background_repeat=&#8220;repeat&#8220; custom_padding=&#8220;0|0px|0|0px|false|false&#8220; global_colors_info=&#8220;{}&#8220;][et_pb_column type=&#8220;4_4&#8243; _builder_version=&#8220;4.16&#8243; custom_padding=&#8220;|||&#8220; global_colors_info=&#8220;{}&#8220; custom_padding__hover=&#8220;|||&#8220;][et_pb_text admin_label=&#8220;Title&#8220; module_id=&#8220;sekretariat&#8220; _builder_version=&#8220;4.16&#8243; text_font=&#8220;|600|||||||&#8220; header_font=&#8220;||||||||&#8220; header_text_color=&#8220;#e75a6a&#8220; header_2_font=&#8220;Montserrat|600|||||||&#8220; header_2_text_color=&#8220;#4395d1&#8243; header_2_font_size=&#8220;30px&#8220; header_2_line_height=&#8220;1.5em&#8220; module_alignment=&#8220;center&#8220; custom_margin=&#8220;||15px|&#8220; custom_padding=&#8220;|||&#8220; animation_direction=&#8220;left&#8220; saved_tabs=&#8220;all&#8220; global_colors_info=&#8220;{}&#8220;]<\/p>\n<h2>Sekretariat<\/h2>\n<p>[\/et_pb_text][\/et_pb_column][\/et_pb_row][et_pb_row column_structure=&#8220;1_4,1_4,1_2&#8243; _builder_version=&#8220;4.16&#8243; background_size=&#8220;initial&#8220; background_position=&#8220;top_left&#8220; background_repeat=&#8220;repeat&#8220; custom_padding=&#8220;0|0px|0|0px|false|false&#8220; global_colors_info=&#8220;{}&#8220;][et_pb_column type=&#8220;1_4&#8243; _builder_version=&#8220;4.16&#8243; custom_padding=&#8220;|||&#8220; global_colors_info=&#8220;{}&#8220; custom_padding__hover=&#8220;|||&#8220;][et_pb_text _builder_version=&#8220;4.16&#8243; global_colors_info=&#8220;{}&#8220;]<\/p>\n<p><strong>Sonja Gehr<\/strong><br \/>056 241 14 00<br \/><span><a href=\"&#109;&#x61;&#105;&#x6c;t&#111;&#x3a;&#115;&#x65;k&#x72;e&#116;&#x61;&#114;&#x69;a&#x74;&#x40;&#112;&#x66;a&#x72;r&#101;&#x69;&#45;&#x6c;e&#x6e;g&#110;&#x61;&#117;&#x2d;f&#114;&#x65;&#105;&#x65;n&#x77;i&#108;&#x2e;&#99;&#x68;\">&#x73;&#x65;&#107;re&#x74;&#x61;&#114;&#105;a&#x74;&#x40;&#112;&#102;a&#x72;&#x72;&#x65;&#105;-l&#x65;&#x6e;&#103;&#110;a&#x75;&#x2d;&#102;&#114;e&#x69;&#x65;&#110;&#119;i&#x6c;&#x2e;&#x63;&#104;<\/a><\/span><\/p>\n<p>[\/et_pb_text][et_pb_text _builder_version=&#8220;4.27.4&#8243; global_colors_info=&#8220;{}&#8220;]<\/p>\n<p><strong>\u00d6ffnungszeiten<br \/>Mittwoch\u00a0<\/strong>8.30\u00a0&#8211; 11.30<br \/><b>Freitag<\/b>\u00a08.30\u00a0&#8211; 11.30<\/p>\n<p><strong>Nummer f\u00fcr Todesf\u00e4lle:<\/strong><br \/>Gem\u00e4ss Anrufbeantworter <br \/>056 241 14 00<\/p>\n<p>[\/et_pb_text][\/et_pb_column][et_pb_column type=&#8220;1_4&#8243; _builder_version=&#8220;4.16&#8243; custom_padding=&#8220;|||&#8220; global_colors_info=&#8220;{}&#8220; custom_padding__hover=&#8220;|||&#8220;][et_pb_text _builder_version=&#8220;4.16&#8243; text_font=&#8220;|600|||||||&#8220; link_text_color=&#8220;#4395D1&#8243; header_font=&#8220;|600|||||||&#8220; header_text_color=&#8220;#4395d1&#8243; header_font_size=&#8220;25px&#8220; header_2_font=&#8220;Montserrat|600|||||||&#8220; header_2_text_color=&#8220;#4395d1&#8243; header_2_font_size=&#8220;30px&#8220; header_2_line_height=&#8220;1.5em&#8220; header_3_font=&#8220;|700|||||||&#8220; header_3_text_color=&#8220;#4395D1&#8243; header_3_line_height=&#8220;1.3em&#8220; header_4_text_color=&#8220;#4395D1&#8243; module_alignment=&#8220;center&#8220; custom_padding=&#8220;|||&#8220; global_colors_info=&#8220;{}&#8220;]<\/p>\n<p><strong>Kirchengutsverwaltung<\/strong><br \/>Fridolin Kloter<br \/>056 201 44 66<br \/><a href=\"&#x6d;&#x61;&#x69;&#x6c;&#116;&#111;:fr&#x69;&#x64;&#x6f;&#x6c;&#105;&#110;&#46;kl&#x6f;&#x74;&#x65;&#x72;&#64;&#115;&#107;-t&#x72;&#x65;&#x75;&#x68;&#97;&#110;&#100;&#46;c&#x68;\">&#102;&#x72;i&#100;&#x6f;l&#105;&#x6e;&#46;&#107;&#x6c;o&#116;&#x65;r&#64;&#x73;k&#45;&#x74;r&#101;&#x75;h&#97;&#x6e;d&#46;&#x63;h<\/a><\/p>\n<p>[\/et_pb_text][et_pb_text _builder_version=&#8220;4.16&#8243; text_font=&#8220;|600|||||||&#8220; link_text_color=&#8220;#4395D1&#8243; header_font=&#8220;|600|||||||&#8220; header_text_color=&#8220;#4395d1&#8243; header_font_size=&#8220;25px&#8220; header_2_font=&#8220;Montserrat|600|||||||&#8220; header_2_text_color=&#8220;#4395d1&#8243; header_2_font_size=&#8220;30px&#8220; header_2_line_height=&#8220;1.5em&#8220; header_3_font=&#8220;|700|||||||&#8220; header_3_text_color=&#8220;#4395D1&#8243; header_3_line_height=&#8220;1.3em&#8220; header_4_text_color=&#8220;#4395D1&#8243; module_alignment=&#8220;center&#8220; custom_padding=&#8220;|||&#8220; global_colors_info=&#8220;{}&#8220;]<strong>Bankverbindung Pfarramt<\/strong><br \/>\nRaiffeisenbank Surbtal-Wehntal<br \/>\nCH71 8080 8008 0074 8142 5<br \/>\nKath. Pfarramt Lengnau<br \/>\n5426 Lengnau<br \/>\n[\/et_pb_text][et_pb_text _builder_version=&#8220;4.16&#8243; text_font=&#8220;|600|||||||&#8220; link_text_color=&#8220;#4395D1&#8243; header_font=&#8220;|600|||||||&#8220; header_text_color=&#8220;#4395d1&#8243; header_font_size=&#8220;25px&#8220; header_2_font=&#8220;Montserrat|600|||||||&#8220; header_2_text_color=&#8220;#4395d1&#8243; header_2_font_size=&#8220;30px&#8220; header_2_line_height=&#8220;1.5em&#8220; header_3_font=&#8220;|700|||||||&#8220; header_3_text_color=&#8220;#4395D1&#8243; header_3_line_height=&#8220;1.3em&#8220; header_4_text_color=&#8220;#4395D1&#8243; module_alignment=&#8220;center&#8220; custom_padding=&#8220;|||&#8220; global_colors_info=&#8220;{}&#8220;]<\/p>\n<p><strong>Bankverbindung Kirchgemeinde<\/strong><br \/> Raiffeisenbank Surbtal-Wehntal<br \/> CH37 8080 8003 1807 6407 4<br \/> Kath. Kirchgemeinde Lengnau-Freienwil<br \/> 5426 Lengnau<\/p>\n<p>[\/et_pb_text][\/et_pb_column][et_pb_column type=&#8220;1_2&#8243; _builder_version=&#8220;4.16&#8243; custom_padding=&#8220;|||&#8220; global_colors_info=&#8220;{}&#8220; custom_padding__hover=&#8220;|||&#8220;][et_pb_image src=&#8220;https:\/\/pastoralraum-surbtal-wuerenlingen.ch\/lengnau\/wp-content\/uploads\/sites\/3\/2018\/09\/Pfarrei_Lengnau_Freienwil16.jpg&#8220; align_tablet=&#8220;center&#8220; align_phone=&#8220;center&#8220; align_last_edited=&#8220;on|desktop&#8220; _builder_version=&#8220;4.16&#8243; global_colors_info=&#8220;{}&#8220;][\/et_pb_image][\/et_pb_column][\/et_pb_row][et_pb_row column_structure=&#8220;1_2,1_2&#8243; _builder_version=&#8220;4.16&#8243; background_size=&#8220;initial&#8220; background_position=&#8220;top_left&#8220; background_repeat=&#8220;repeat&#8220; custom_padding=&#8220;75px|0px|75px|0px&#8220; global_colors_info=&#8220;{}&#8220;][et_pb_column type=&#8220;1_2&#8243; _builder_version=&#8220;4.16&#8243; custom_padding=&#8220;|||&#8220; global_colors_info=&#8220;{}&#8220; custom_padding__hover=&#8220;|||&#8220;][et_pb_text admin_label=&#8220;Title&#8220; module_id=&#8220;sekretariat&#8220; _builder_version=&#8220;4.16&#8243; text_font=&#8220;|600|||||||&#8220; header_font=&#8220;||||||||&#8220; header_text_color=&#8220;#e75a6a&#8220; header_2_font=&#8220;Montserrat|600|||||||&#8220; header_2_text_color=&#8220;#4395d1&#8243; header_2_font_size=&#8220;30px&#8220; header_2_line_height=&#8220;1.5em&#8220; module_alignment=&#8220;center&#8220; custom_margin=&#8220;||15px|&#8220; custom_padding=&#8220;|||&#8220; animation_direction=&#8220;left&#8220; saved_tabs=&#8220;all&#8220; global_colors_info=&#8220;{}&#8220;]<\/p>\n<h2>Downloads<\/h2>\n<p>[\/et_pb_text][et_pb_text _builder_version=&#8220;4.16&#8243; global_colors_info=&#8220;{}&#8220;]<\/p>\n<p><a href=\"https:\/\/pastoralraum-surbtal-wuerenlingen.ch\/lengnau\/wp-content\/uploads\/sites\/3\/2018\/09\/Mietvertrag-f\u00fcr-Kirche-und-Pfarreir\u00e4ume.pdf\" rel=\"attachment wp-att-155\">Mietvertrag f\u00fcr Kirche und Pfarreir\u00e4ume<\/a><\/p>\n<p>[\/et_pb_text][\/et_pb_column][et_pb_column type=&#8220;1_2&#8243; _builder_version=&#8220;4.16&#8243; custom_padding=&#8220;|||&#8220; global_colors_info=&#8220;{}&#8220; custom_padding__hover=&#8220;|||&#8220;][et_pb_image src=&#8220;https:\/\/pastoralraum-surbtal-wuerenlingen.ch\/lengnau\/wp-content\/uploads\/sites\/3\/2018\/09\/Pfarrei_Lengnau_Freienwil32.jpg&#8220; align_tablet=&#8220;center&#8220; align_phone=&#8220;center&#8220; align_last_edited=&#8220;on|desktop&#8220; _builder_version=&#8220;4.16&#8243; global_colors_info=&#8220;{}&#8220;][\/et_pb_image][\/et_pb_column][\/et_pb_row][\/et_pb_section]<\/p>\n","protected":false},"excerpt":{"rendered":"<p>Sekretariat Sonja Gehr056 241 14 &#x30;&#48;s&#x65;&#x6b;&#114;e&#x74;&#x61;&#114;i&#x61;&#x74;&#64;p&#x66;&#x61;&#114;r&#x65;&#105;&#45;l&#x65;&#110;g&#x6e;&#x61;&#117;-&#x66;&#x72;&#101;i&#x65;&#x6e;&#119;i&#x6c;&#x2e;&#99;h\u00d6ffnungszeitenMittwoch\u00a08.30\u00a0&#8211; 11.30Freitag\u00a08.30\u00a0&#8211; 11.30 Nummer f\u00fcr Todesf\u00e4lle:Gem\u00e4ss Anrufbeantworter 056 241 14 00KirchengutsverwaltungFridolin Kloter056 201 44 &#x36;&#x36;&#x66;&#114;&#105;do&#x6c;&#x69;&#x6e;&#46;&#107;lo&#x74;&#x65;&#x72;&#64;&#115;k-&#x74;&#x72;&#x65;&#117;&#104;an&#x64;&#x2e;&#x63;&#104;&#66;an&#x6b;&#x76;&#x65;&#114;&#98;&#105;n&#x64;&#x75;&#x6e;&#x67; Pfarramt Raiffeisenbank Surbtal-Wehntal CH71 8080 8008 0074 8142 5 Kath. Pfarramt Lengnau 5426 Lengnau Bankverbindung Kirchgemeinde Raiffeisenbank Surbtal-Wehntal CH37 8080 8003 1807 6407 4 Kath. Kirchgemeinde Lengnau-Freienwil 5426 Lengnau Downloads Mietvertrag f\u00fcr Kirche und Pfarreir\u00e4ume<\/p>\n","protected":false},"author":1,"featured_media":0,"parent":0,"menu_order":0,"comment_status":"closed","ping_status":"closed","template":"","meta":{"_et_pb_use_builder":"on","_et_pb_old_content":"","_et_gb_content_width":"","footnotes":""},"class_list":["post-35","page","type-page","status-publish","hentry"],"_links":{"self":[{"href":"https:\/\/pastoralraum-surbtal-wuerenlingen.ch\/lengnau\/wp-json\/wp\/v2\/pages\/35","targetHints":{"allow":["GET"]}}],"collection":[{"href":"https:\/\/pastoralraum-surbtal-wuerenlingen.ch\/lengnau\/wp-json\/wp\/v2\/pages"}],"about":[{"href":"https:\/\/pastoralraum-surbtal-wuerenlingen.ch\/lengnau\/wp-json\/wp\/v2\/types\/page"}],"author":[{"embeddable":true,"href":"https:\/\/pastoralraum-surbtal-wuerenlingen.ch\/lengnau\/wp-json\/wp\/v2\/users\/1"}],"replies":[{"embeddable":true,"href":"https:\/\/pastoralraum-surbtal-wuerenlingen.ch\/lengnau\/wp-json\/wp\/v2\/comments?post=35"}],"version-history":[{"count":7,"href":"https:\/\/pastoralraum-surbtal-wuerenlingen.ch\/lengnau\/wp-json\/wp\/v2\/pages\/35\/revisions"}],"predecessor-version":[{"id":5985,"href":"https:\/\/pastoralraum-surbtal-wuerenlingen.ch\/lengnau\/wp-json\/wp\/v2\/pages\/35\/revisions\/5985"}],"wp:attachment":[{"href":"https:\/\/pastoralraum-surbtal-wuerenlingen.ch\/lengnau\/wp-json\/wp\/v2\/media?parent=35"}],"curies":[{"name":"wp","href":"https:\/\/api.w.org\/{rel}","templated":true}]}}