{"id":56,"date":"2018-09-11T16:08:45","date_gmt":"2018-09-11T14:08:45","guid":{"rendered":"https:\/\/pastoralraum-surbtal-wuerenlingen.ch\/ehrendingen\/?page_id=56"},"modified":"2024-12-10T16:06:36","modified_gmt":"2024-12-10T15:06:36","slug":"fotos","status":"publish","type":"page","link":"https:\/\/pastoralraum-surbtal-wuerenlingen.ch\/ehrendingen\/fotos\/","title":{"rendered":"Fotos"},"content":{"rendered":"<p>[et_pb_section fb_built=&#8220;1&#8243; _builder_version=&#8220;4.16&#8243; use_background_color_gradient=&#8220;on&#8220; background_color_gradient_direction=&#8220;135deg&#8220; background_color_gradient_stops=&#8220;rgba(129,117,180,0.06) 0%|rgba(255,255,255,0) 100%&#8220; background_color_gradient_start=&#8220;rgba(129,117,180,0.06)&#8220; background_color_gradient_end=&#8220;rgba(255,255,255,0)&#8220; global_colors_info=&#8220;{}&#8220;][et_pb_row use_custom_gutter=&#8220;on&#8220; gutter_width=&#8220;2&#8243; _builder_version=&#8220;4.16&#8243; custom_padding=&#8220;0|0px|28.046875px|0px|false|false&#8220; global_colors_info=&#8220;{}&#8220;][et_pb_column type=&#8220;4_4&#8243; _builder_version=&#8220;4.16&#8243; custom_padding=&#8220;|||&#8220; global_colors_info=&#8220;{}&#8220; custom_padding__hover=&#8220;|||&#8220;][et_pb_text admin_label=&#8220;Title&#8220; _builder_version=&#8220;4.22.2&#8243; text_font=&#8220;|600|||||||&#8220; header_font=&#8220;||||||||&#8220; header_text_color=&#8220;#8175b4&#8243; header_2_font=&#8220;Montserrat|600|||||||&#8220; header_2_text_color=&#8220;#8175b4&#8243; header_2_font_size=&#8220;30px&#8220; header_2_line_height=&#8220;1.5em&#8220; module_alignment=&#8220;center&#8220; custom_margin=&#8220;||35px|&#8220; custom_padding=&#8220;|||&#8220; animation_direction=&#8220;left&#8220; saved_tabs=&#8220;all&#8220; global_colors_info=&#8220;{}&#8220;]<\/p>\n<h2>Fotos der Pfarrei Ehrendingen<\/h2>\n<p>Liebe Eltern, liebe Pfarreiangeh\u00f6rige<\/p>\n<p>Bilder aus dem Pfarreialltag tragen viel zur Attraktivit\u00e4t einer Pfarrei-Website bei. Auch unsere Website\u00a0profiliert sich unter anderem mit zahlreichen Fotoreportagen \u00fcber den Religionsunterricht, Pfarrei-Aktivit\u00e4ten, Projekte, Ausfl\u00fcge usw. Dabei achten wir aus bekannten Gr\u00fcnden strikte darauf, keine Fotos mit Sch\u00fclerinnen und Sch\u00fclern mit deren Namen zu versehen.<\/p>\n<p>W\u00fcnschen Sie als Erziehungsberechtigte und als Pfarreiangeh\u00f6rige, dass auf unserer Internetseite kein Bild mit Ihrem Kind oder Ihnen erscheinen soll, so bitten wir Sie, dies ausdr\u00fccklich dem Pfarrsekretariat mitzuteilen. Ansonsten gehen wir von Ihrem\u00a0 Einverst\u00e4ndnis aus.<\/p>\n<p>[\/et_pb_text][et_pb_filterable_portfolio fullwidth=&#8220;off&#8220; posts_number=&#8220;100&#8243; include_categories=&#8220;17,29,30,18,31,32,33&#8243; show_categories=&#8220;off&#8220; show_pagination=&#8220;off&#8220; _builder_version=&#8220;4.27.3&#8243; title_font=&#8220;|600|||||||&#8220; title_text_color=&#8220;#8175b4&#8243; title_font_size=&#8220;16px&#8220; hover_enabled=&#8220;0&#8243; z_index_tablet=&#8220;500&#8243; title_text_shadow_horizontal_length_tablet=&#8220;0px&#8220; title_text_shadow_vertical_length_tablet=&#8220;0px&#8220; title_text_shadow_blur_strength_tablet=&#8220;1px&#8220; filter_text_shadow_horizontal_length_tablet=&#8220;0px&#8220; filter_text_shadow_vertical_length_tablet=&#8220;0px&#8220; filter_text_shadow_blur_strength_tablet=&#8220;1px&#8220; caption_text_shadow_horizontal_length_tablet=&#8220;0px&#8220; caption_text_shadow_vertical_length_tablet=&#8220;0px&#8220; caption_text_shadow_blur_strength_tablet=&#8220;1px&#8220; pagination_text_shadow_horizontal_length_tablet=&#8220;0px&#8220; pagination_text_shadow_vertical_length_tablet=&#8220;0px&#8220; pagination_text_shadow_blur_strength_tablet=&#8220;1px&#8220; box_shadow_horizontal_tablet=&#8220;0px&#8220; box_shadow_vertical_tablet=&#8220;0px&#8220; box_shadow_blur_tablet=&#8220;40px&#8220; box_shadow_spread_tablet=&#8220;0px&#8220; box_shadow_horizontal_image_tablet=&#8220;0px&#8220; box_shadow_vertical_image_tablet=&#8220;0px&#8220; box_shadow_blur_image_tablet=&#8220;40px&#8220; box_shadow_spread_image_tablet=&#8220;0px&#8220; text_shadow_horizontal_length_tablet=&#8220;0px&#8220; text_shadow_vertical_length_tablet=&#8220;0px&#8220; text_shadow_blur_strength_tablet=&#8220;1px&#8220; global_colors_info=&#8220;{}&#8220; sticky_enabled=&#8220;0&#8243;]<\/p>\n<p>[\/et_pb_filterable_portfolio][\/et_pb_column][\/et_pb_row][\/et_pb_section]<\/p>\n","protected":false},"excerpt":{"rendered":"<p>Fotos der Pfarrei Ehrendingen Liebe Eltern, liebe Pfarreiangeh\u00f6rige Bilder aus dem Pfarreialltag tragen viel zur Attraktivit\u00e4t einer Pfarrei-Website bei. Auch unsere Website\u00a0profiliert sich unter anderem mit zahlreichen Fotoreportagen \u00fcber den Religionsunterricht, Pfarrei-Aktivit\u00e4ten, Projekte, Ausfl\u00fcge usw. Dabei achten wir aus bekannten Gr\u00fcnden strikte darauf, keine Fotos mit Sch\u00fclerinnen und Sch\u00fclern mit deren Namen zu versehen. W\u00fcnschen [&hellip;]<\/p>\n","protected":false},"author":1,"featured_media":0,"parent":0,"menu_order":0,"comment_status":"closed","ping_status":"closed","template":"","meta":{"_et_pb_use_builder":"on","_et_pb_old_content":"","_et_gb_content_width":"","footnotes":""},"class_list":["post-56","page","type-page","status-publish","hentry"],"_links":{"self":[{"href":"https:\/\/pastoralraum-surbtal-wuerenlingen.ch\/ehrendingen\/wp-json\/wp\/v2\/pages\/56","targetHints":{"allow":["GET"]}}],"collection":[{"href":"https:\/\/pastoralraum-surbtal-wuerenlingen.ch\/ehrendingen\/wp-json\/wp\/v2\/pages"}],"about":[{"href":"https:\/\/pastoralraum-surbtal-wuerenlingen.ch\/ehrendingen\/wp-json\/wp\/v2\/types\/page"}],"author":[{"embeddable":true,"href":"https:\/\/pastoralraum-surbtal-wuerenlingen.ch\/ehrendingen\/wp-json\/wp\/v2\/users\/1"}],"replies":[{"embeddable":true,"href":"https:\/\/pastoralraum-surbtal-wuerenlingen.ch\/ehrendingen\/wp-json\/wp\/v2\/comments?post=56"}],"version-history":[{"count":16,"href":"https:\/\/pastoralraum-surbtal-wuerenlingen.ch\/ehrendingen\/wp-json\/wp\/v2\/pages\/56\/revisions"}],"predecessor-version":[{"id":7146,"href":"https:\/\/pastoralraum-surbtal-wuerenlingen.ch\/ehrendingen\/wp-json\/wp\/v2\/pages\/56\/revisions\/7146"}],"wp:attachment":[{"href":"https:\/\/pastoralraum-surbtal-wuerenlingen.ch\/ehrendingen\/wp-json\/wp\/v2\/media?parent=56"}],"curies":[{"name":"wp","href":"https:\/\/api.w.org\/{rel}","templated":true}]}}